{"id":8239,"date":"2021-05-20T22:19:41","date_gmt":"2021-05-20T22:19:41","guid":{"rendered":"https:\/\/digitaldecor.pt\/?page_id=8239"},"modified":"2021-05-21T09:59:37","modified_gmt":"2021-05-21T09:59:37","slug":"ultima-jornada-liga-nos","status":"publish","type":"page","link":"https:\/\/digitaldecor.pt\/en\/ultima-jornada-liga-nos\/","title":{"rendered":"\u00daltima jornada da Liga NOS"},"content":{"rendered":"[vc_row][vc_column][mk_image src=&#8221;https:\/\/digitaldecor.pt\/wp-content\/uploads\/2021\/05\/a6290740682ae526ef3c1b15af2f4885.png&#8221; image_size=&#8221;full&#8221;][\/vc_column][\/vc_row][vc_row css=&#8221;.vc_custom_1616692737221{margin-top: 10px !important;margin-bottom: 10px !important;}&#8221;][vc_column][vc_column_text css=&#8221;.vc_custom_1621530771026{margin-bottom: 0px !important;}&#8221;]\n<h1 style=\"text-align: left;\">\u00daltima jornada da Liga NOS<\/h1>\n[\/vc_column_text][vc_column_text css=&#8221;.vc_custom_1621591146288{margin-bottom: 0px !important;}&#8221;]A \u00faltima jornada da Liga NOS assinalou o t\u00e9rmino da edi\u00e7\u00e3o 2020\/2021.<\/p>\n<p>Um campeonato competitivo, onde a Digital Decor acompanhou de perto as 34 jornadas atrav\u00e9s da operacionaliza\u00e7\u00e3o das ativa\u00e7\u00f5es no pr\u00e9-jogo, durante os intervalos e ap\u00f3s o apito final.<\/p>\n<p>A Digital Decor agradece \u00e0 Liga Portugal e \u00e0 NOS o voto de confian\u00e7a e deseja votos de sucesso para o futuro. Juntos, caus\u00e1mos boas impress\u00f5es!<\/p>\n<p><a href=\"https:\/\/digitaldecor.pt\/portfolio-posts\/ativacoes-liga-nos\/\">Clica aqui<\/a> para ver algumas das ativa\u00e7\u00f5es realizadas para a Liga NOS.[\/vc_column_text][\/vc_column][\/vc_row]\n","protected":false},"excerpt":{"rendered":"<p>[vc_row][vc_column][mk_image src=&#8221;https:\/\/digitaldecor.pt\/wp-content\/uploads\/2021\/05\/a6290740682ae526ef3c1b15af2f4885.png&#8221; image_size=&#8221;full&#8221;][\/vc_column][\/vc_row][vc_row css=&#8221;.vc_custom_1616692737221{margin-top: 10px !important;margin-bottom: 10px !important;}&#8221;][vc_column][vc_column_text css=&#8221;.vc_custom_1621530771026{margin-bottom: 0px !important;}&#8221;] \u00daltima jornada da Liga NOS [\/vc_column_text][vc_column_text css=&#8221;.vc_custom_1621591146288{margin-bottom: 0px !important;}&#8221;]A \u00faltima jornada da Liga NOS assinalou o t\u00e9rmino da edi\u00e7\u00e3o 2020\/2021. Um campeonato competitivo, onde a Digital Decor acompanhou de perto as 34 jornadas atrav\u00e9s da operacionaliza\u00e7\u00e3o das ativa\u00e7\u00f5es no pr\u00e9-jogo, durante os intervalos e [&hellip;]<\/p>\n","protected":false},"author":1,"featured_media":8293,"parent":0,"menu_order":0,"comment_status":"closed","ping_status":"closed","template":"","meta":[],"translation":{"provider":"WPGlobus","version":"3.0.1","language":"en","enabled_languages":["pt","en"],"languages":{"pt":{"title":true,"content":true,"excerpt":false},"en":{"title":false,"content":false,"excerpt":false}}},"yoast_head":"<!-- This site is optimized with the Yoast SEO plugin v20.4 - https:\/\/yoast.com\/wordpress\/plugins\/seo\/ -->\n<title>\u00daltima jornada da Liga NOS - Digital Decor<\/title>\n<meta name=\"robots\" content=\"index, follow, max-snippet:-1, max-image-preview:large, max-video-preview:-1\" \/>\n<link rel=\"canonical\" href=\"https:\/\/digitaldecor.pt\/ultima-jornada-liga-nos\/\" \/>\n<meta property=\"og:locale\" content=\"en_US\" \/>\n<meta property=\"og:type\" content=\"article\" \/>\n<meta property=\"og:title\" content=\"\u00daltima jornada da Liga NOS - Digital Decor\" \/>\n<meta property=\"og:url\" content=\"https:\/\/digitaldecor.pt\/ultima-jornada-liga-nos\/\" \/>\n<meta property=\"og:site_name\" content=\"Digital Decor\" \/>\n<meta property=\"article:publisher\" content=\"https:\/\/www.facebook.com\/digitaldecor.pt\/\" \/>\n<meta property=\"article:modified_time\" content=\"2021-05-21T09:59:37+00:00\" \/>\n<meta property=\"og:image\" content=\"https:\/\/digitaldecor.pt\/wp-content\/uploads\/2021\/05\/liganosgeralv3bigspokes.jpeg\" \/>\n\t<meta property=\"og:image:width\" content=\"647\" \/>\n\t<meta property=\"og:image:height\" content=\"485\" \/>\n\t<meta property=\"og:image:type\" content=\"image\/jpeg\" \/>\n<meta name=\"twitter:card\" content=\"summary_large_image\" \/>\n<meta name=\"twitter:label1\" content=\"Est. reading time\" \/>\n\t<meta name=\"twitter:data1\" content=\"1 minute\" \/>\n<script type=\"application\/ld+json\" class=\"yoast-schema-graph\">{\"@context\":\"https:\/\/schema.org\",\"@graph\":[{\"@type\":[\"WebPage\",\"AboutPage\"],\"@id\":\"https:\/\/digitaldecor.pt\/ultima-jornada-liga-nos\/\",\"url\":\"https:\/\/digitaldecor.pt\/ultima-jornada-liga-nos\/\",\"name\":\"\u00daltima jornada da Liga NOS - Digital Decor\",\"isPartOf\":{\"@id\":\"https:\/\/digitaldecor.pt\/en\/#website\"},\"datePublished\":\"2021-05-20T22:19:41+00:00\",\"dateModified\":\"2021-05-21T09:59:37+00:00\",\"breadcrumb\":{\"@id\":\"https:\/\/digitaldecor.pt\/ultima-jornada-liga-nos\/#breadcrumb\"},\"inLanguage\":\"en-US\",\"potentialAction\":[{\"@type\":\"ReadAction\",\"target\":[\"https:\/\/digitaldecor.pt\/ultima-jornada-liga-nos\/\"]}]},{\"@type\":\"BreadcrumbList\",\"@id\":\"https:\/\/digitaldecor.pt\/ultima-jornada-liga-nos\/#breadcrumb\",\"itemListElement\":[{\"@type\":\"ListItem\",\"position\":1,\"name\":\"In\u00edcio\",\"item\":\"https:\/\/digitaldecor.pt\/en\/\"},{\"@type\":\"ListItem\",\"position\":2,\"name\":\"\u00daltima jornada da Liga NOS\"}]},{\"@type\":\"WebSite\",\"@id\":\"https:\/\/digitaldecor.pt\/en\/#website\",\"url\":\"https:\/\/digitaldecor.pt\/en\/\",\"name\":\"Digital Decor\",\"description\":\"Digital production. Brand Activation\",\"publisher\":{\"@id\":\"https:\/\/digitaldecor.pt\/en\/#organization\"},\"potentialAction\":[{\"@type\":\"SearchAction\",\"target\":{\"@type\":\"EntryPoint\",\"urlTemplate\":\"https:\/\/digitaldecor.pt\/en\/?s={search_term_string}\"},\"query-input\":\"required name=search_term_string\"}],\"inLanguage\":\"en-US\"},{\"@type\":\"Organization\",\"@id\":\"https:\/\/digitaldecor.pt\/en\/#organization\",\"name\":\"Digital Decor\",\"url\":\"https:\/\/digitaldecor.pt\/en\/\",\"logo\":{\"@type\":\"ImageObject\",\"inLanguage\":\"en-US\",\"@id\":\"https:\/\/digitaldecor.pt\/en\/#\/schema\/logo\/image\/\",\"url\":\"https:\/\/digitaldecor.pt\/wp-content\/uploads\/2017\/11\/full-icon-3.png\",\"contentUrl\":\"https:\/\/digitaldecor.pt\/wp-content\/uploads\/2017\/11\/full-icon-3.png\",\"width\":960,\"height\":960,\"caption\":\"Digital Decor\"},\"image\":{\"@id\":\"https:\/\/digitaldecor.pt\/en\/#\/schema\/logo\/image\/\"},\"sameAs\":[\"https:\/\/www.facebook.com\/digitaldecor.pt\/\",\"https:\/\/www.instagram.com\/digitaldecor.pt\/\",\"https:\/\/www.linkedin.com\/company\/digitaldecorpt\",\"https:\/\/www.youtube.com\/channel\/UC83AgxTYOZg2oTDb0VhAbxQ\"]}]}<\/script>\n<!-- \/ Yoast SEO plugin. -->","yoast_head_json":{"title":"\u00daltima jornada da Liga NOS - Digital Decor","robots":{"index":"index","follow":"follow","max-snippet":"max-snippet:-1","max-image-preview":"max-image-preview:large","max-video-preview":"max-video-preview:-1"},"canonical":"https:\/\/digitaldecor.pt\/ultima-jornada-liga-nos\/","og_locale":"en_US","og_type":"article","og_title":"\u00daltima jornada da Liga NOS - Digital Decor","og_url":"https:\/\/digitaldecor.pt\/ultima-jornada-liga-nos\/","og_site_name":"Digital Decor","article_publisher":"https:\/\/www.facebook.com\/digitaldecor.pt\/","article_modified_time":"2021-05-21T09:59:37+00:00","og_image":[{"width":647,"height":485,"url":"https:\/\/digitaldecor.pt\/wp-content\/uploads\/2021\/05\/liganosgeralv3bigspokes.jpeg","type":"image\/jpeg"}],"twitter_card":"summary_large_image","twitter_misc":{"Est. reading time":"1 minute"},"schema":{"@context":"https:\/\/schema.org","@graph":[{"@type":["WebPage","AboutPage"],"@id":"https:\/\/digitaldecor.pt\/ultima-jornada-liga-nos\/","url":"https:\/\/digitaldecor.pt\/ultima-jornada-liga-nos\/","name":"\u00daltima jornada da Liga NOS - Digital Decor","isPartOf":{"@id":"https:\/\/digitaldecor.pt\/en\/#website"},"datePublished":"2021-05-20T22:19:41+00:00","dateModified":"2021-05-21T09:59:37+00:00","breadcrumb":{"@id":"https:\/\/digitaldecor.pt\/ultima-jornada-liga-nos\/#breadcrumb"},"inLanguage":"en-US","potentialAction":[{"@type":"ReadAction","target":["https:\/\/digitaldecor.pt\/ultima-jornada-liga-nos\/"]}]},{"@type":"BreadcrumbList","@id":"https:\/\/digitaldecor.pt\/ultima-jornada-liga-nos\/#breadcrumb","itemListElement":[{"@type":"ListItem","position":1,"name":"In\u00edcio","item":"https:\/\/digitaldecor.pt\/en\/"},{"@type":"ListItem","position":2,"name":"\u00daltima jornada da Liga NOS"}]},{"@type":"WebSite","@id":"https:\/\/digitaldecor.pt\/en\/#website","url":"https:\/\/digitaldecor.pt\/en\/","name":"Digital Decor","description":"Digital production. Brand Activation","publisher":{"@id":"https:\/\/digitaldecor.pt\/en\/#organization"},"potentialAction":[{"@type":"SearchAction","target":{"@type":"EntryPoint","urlTemplate":"https:\/\/digitaldecor.pt\/en\/?s={search_term_string}"},"query-input":"required name=search_term_string"}],"inLanguage":"en-US"},{"@type":"Organization","@id":"https:\/\/digitaldecor.pt\/en\/#organization","name":"Digital Decor","url":"https:\/\/digitaldecor.pt\/en\/","logo":{"@type":"ImageObject","inLanguage":"en-US","@id":"https:\/\/digitaldecor.pt\/en\/#\/schema\/logo\/image\/","url":"https:\/\/digitaldecor.pt\/wp-content\/uploads\/2017\/11\/full-icon-3.png","contentUrl":"https:\/\/digitaldecor.pt\/wp-content\/uploads\/2017\/11\/full-icon-3.png","width":960,"height":960,"caption":"Digital Decor"},"image":{"@id":"https:\/\/digitaldecor.pt\/en\/#\/schema\/logo\/image\/"},"sameAs":["https:\/\/www.facebook.com\/digitaldecor.pt\/","https:\/\/www.instagram.com\/digitaldecor.pt\/","https:\/\/www.linkedin.com\/company\/digitaldecorpt","https:\/\/www.youtube.com\/channel\/UC83AgxTYOZg2oTDb0VhAbxQ"]}]}},"_links":{"self":[{"href":"https:\/\/digitaldecor.pt\/en\/wp-json\/wp\/v2\/pages\/8239"}],"collection":[{"href":"https:\/\/digitaldecor.pt\/en\/wp-json\/wp\/v2\/pages"}],"about":[{"href":"https:\/\/digitaldecor.pt\/en\/wp-json\/wp\/v2\/types\/page"}],"author":[{"embeddable":true,"href":"https:\/\/digitaldecor.pt\/en\/wp-json\/wp\/v2\/users\/1"}],"replies":[{"embeddable":true,"href":"https:\/\/digitaldecor.pt\/en\/wp-json\/wp\/v2\/comments?post=8239"}],"version-history":[{"count":9,"href":"https:\/\/digitaldecor.pt\/en\/wp-json\/wp\/v2\/pages\/8239\/revisions"}],"predecessor-version":[{"id":8296,"href":"https:\/\/digitaldecor.pt\/en\/wp-json\/wp\/v2\/pages\/8239\/revisions\/8296"}],"wp:featuredmedia":[{"embeddable":true,"href":"https:\/\/digitaldecor.pt\/en\/wp-json\/wp\/v2\/media\/8293"}],"wp:attachment":[{"href":"https:\/\/digitaldecor.pt\/en\/wp-json\/wp\/v2\/media?parent=8239"}],"curies":[{"name":"wp","href":"https:\/\/api.w.org\/{rel}","templated":true}]}}