{"id":8011,"date":"2021-04-16T11:36:56","date_gmt":"2021-04-16T11:36:56","guid":{"rendered":"https:\/\/digitaldecor.pt\/?page_id=8011"},"modified":"2021-04-23T10:14:23","modified_gmt":"2021-04-23T10:14:23","slug":"pre-match-print-aposta-na-tecnologia-de-grande-formato","status":"publish","type":"page","link":"https:\/\/digitaldecor.pt\/en\/pre-match-print-aposta-na-tecnologia-de-grande-formato\/","title":{"rendered":"Pr\u00e9 Match Print aposta na tecnologia de grande formato"},"content":{"rendered":"[vc_row css=&#8221;.vc_custom_1618571798708{margin-bottom: 30px !important;}&#8221;][vc_column][vc_column_text align=&#8221;center&#8221; css=&#8221;.vc_custom_1618566374300{margin-bottom: 0px !important;}&#8221;]\n<h1 style=\"text-align: left;\">Pr\u00e9 Match Print aposta na tecnologia de grande formato<\/h1>\n[\/vc_column_text][\/vc_column][\/vc_row][vc_row][vc_column][mk_image src=&#8221;https:\/\/digitaldecor.pt\/wp-content\/uploads\/2021\/04\/vutek-d3r_a-1.jpg&#8221; image_size=&#8221;full&#8221; align=&#8221;center&#8221;][\/vc_column][\/vc_row][vc_row css=&#8221;.vc_custom_1618571810519{margin-top: 30px !important;margin-bottom: 20px !important;}&#8221;][vc_column][vc_column_text css=&#8221;.vc_custom_1619171289967{margin-bottom: 0px !important;}&#8221;]\n<h4 style=\"text-align: left;\">A Pr\u00e9 Match Print aumentou o portef\u00f3lio de impress\u00e3o digital em grande formato com a nova EFI VUTEK D5r.<\/h4>\n[\/vc_column_text][\/vc_column][\/vc_row][vc_row css=&#8221;.vc_custom_1616692737221{margin-top: 10px !important;margin-bottom: 10px !important;}&#8221;][vc_column][vc_column_text css=&#8221;.vc_custom_1619172854564{margin-bottom: 0px !important;}&#8221;]A Digital Decor e Pr\u00e9 Match Print orgulham-se de apresentar a <a href=\"https:\/\/digitaldecor.pt\/impressao-grande-formato\/\">EFI VUTEK D5r<\/a>, uma nova impressora que vem refor\u00e7ar o compromisso de nos posicionarmos na vanguarda da inova\u00e7\u00e3o tecnol\u00f3gica, no setor da impress\u00e3o digital.<\/p>\n<p>A nova impressora <a href=\"https:\/\/digitaldecor.pt\/impressao-grande-formato\/\">EFI VUTEK D5r<\/a> \u00e9 umas tecnologias mais avan\u00e7adas do mercado, com capacidade de impress\u00e3o de rolos at\u00e9 5 metros, em materiais como alcatifa, lona, vinil e t\u00eaxtil.<\/p>\n<p>A combina\u00e7\u00e3o da alta defini\u00e7\u00e3o de imagem aliada \u00e0 velocidade de produ\u00e7\u00e3o, permite responder atentamente \u00e0 procura do mercado e \u00e0 produ\u00e7\u00e3o de projetos em grande formato.<\/p>\n<p><strong><a href=\"https:\/\/digitaldecor.pt\/impressao-grande-formato\/\">Fica a conhecer tudo sobre a nova EFI VUTEK D5r.<\/a><\/strong>[\/vc_column_text][\/vc_column][\/vc_row]\n","protected":false},"excerpt":{"rendered":"<p>[vc_row css=&#8221;.vc_custom_1618571798708{margin-bottom: 30px !important;}&#8221;][vc_column][vc_column_text align=&#8221;center&#8221; css=&#8221;.vc_custom_1618566374300{margin-bottom: 0px !important;}&#8221;] Pr\u00e9 Match Print aposta na tecnologia de grande formato [\/vc_column_text][\/vc_column][\/vc_row][vc_row][vc_column][mk_image src=&#8221;https:\/\/digitaldecor.pt\/wp-content\/uploads\/2021\/04\/vutek-d3r_a-1.jpg&#8221; image_size=&#8221;full&#8221; align=&#8221;center&#8221;][\/vc_column][\/vc_row][vc_row css=&#8221;.vc_custom_1618571810519{margin-top: 30px !important;margin-bottom: 20px !important;}&#8221;][vc_column][vc_column_text css=&#8221;.vc_custom_1619171289967{margin-bottom: 0px !important;}&#8221;] A Pr\u00e9 Match Print aumentou o portef\u00f3lio de impress\u00e3o digital em grande formato com a nova EFI VUTEK D5r. [\/vc_column_text][\/vc_column][\/vc_row][vc_row css=&#8221;.vc_custom_1616692737221{margin-top: 10px !important;margin-bottom: 10px !important;}&#8221;][vc_column][vc_column_text css=&#8221;.vc_custom_1619172854564{margin-bottom: [&hellip;]<\/p>\n","protected":false},"author":1,"featured_media":0,"parent":0,"menu_order":0,"comment_status":"closed","ping_status":"closed","template":"","meta":[],"translation":{"provider":"WPGlobus","version":"3.0.1","language":"en","enabled_languages":["pt","en"],"languages":{"pt":{"title":true,"content":true,"excerpt":false},"en":{"title":false,"content":false,"excerpt":false}}},"yoast_head":"<!-- This site is optimized with the Yoast SEO plugin v20.4 - https:\/\/yoast.com\/wordpress\/plugins\/seo\/ -->\n<title>Pr\u00e9 Match Print aposta na tecnologia de grande formato - Digital Decor<\/title>\n<meta name=\"robots\" content=\"index, follow, max-snippet:-1, max-image-preview:large, max-video-preview:-1\" \/>\n<link rel=\"canonical\" href=\"https:\/\/digitaldecor.pt\/pre-match-print-aposta-na-tecnologia-de-grande-formato\/\" \/>\n<meta property=\"og:locale\" content=\"en_US\" \/>\n<meta property=\"og:type\" content=\"article\" \/>\n<meta property=\"og:title\" content=\"Pr\u00e9 Match Print aposta na tecnologia de grande formato - Digital Decor\" \/>\n<meta property=\"og:url\" content=\"https:\/\/digitaldecor.pt\/pre-match-print-aposta-na-tecnologia-de-grande-formato\/\" \/>\n<meta property=\"og:site_name\" content=\"Digital Decor\" \/>\n<meta property=\"article:publisher\" content=\"https:\/\/www.facebook.com\/digitaldecor.pt\/\" \/>\n<meta property=\"article:modified_time\" content=\"2021-04-23T10:14:23+00:00\" \/>\n<meta property=\"og:image\" content=\"https:\/\/digitaldecor.pt\/wp-content\/uploads\/2021\/07\/digitaldecor-02.jpeg\" \/>\n\t<meta property=\"og:image:width\" content=\"1500\" \/>\n\t<meta property=\"og:image:height\" content=\"1000\" \/>\n\t<meta property=\"og:image:type\" content=\"image\/jpeg\" \/>\n<meta name=\"twitter:card\" content=\"summary_large_image\" \/>\n<meta name=\"twitter:label1\" content=\"Est. reading time\" \/>\n\t<meta name=\"twitter:data1\" content=\"1 minute\" \/>\n<script type=\"application\/ld+json\" class=\"yoast-schema-graph\">{\"@context\":\"https:\/\/schema.org\",\"@graph\":[{\"@type\":[\"WebPage\",\"AboutPage\"],\"@id\":\"https:\/\/digitaldecor.pt\/pre-match-print-aposta-na-tecnologia-de-grande-formato\/\",\"url\":\"https:\/\/digitaldecor.pt\/pre-match-print-aposta-na-tecnologia-de-grande-formato\/\",\"name\":\"Pr\u00e9 Match Print aposta na tecnologia de grande formato - Digital Decor\",\"isPartOf\":{\"@id\":\"https:\/\/digitaldecor.pt\/en\/#website\"},\"datePublished\":\"2021-04-16T11:36:56+00:00\",\"dateModified\":\"2021-04-23T10:14:23+00:00\",\"breadcrumb\":{\"@id\":\"https:\/\/digitaldecor.pt\/pre-match-print-aposta-na-tecnologia-de-grande-formato\/#breadcrumb\"},\"inLanguage\":\"en-US\",\"potentialAction\":[{\"@type\":\"ReadAction\",\"target\":[\"https:\/\/digitaldecor.pt\/pre-match-print-aposta-na-tecnologia-de-grande-formato\/\"]}]},{\"@type\":\"BreadcrumbList\",\"@id\":\"https:\/\/digitaldecor.pt\/pre-match-print-aposta-na-tecnologia-de-grande-formato\/#breadcrumb\",\"itemListElement\":[{\"@type\":\"ListItem\",\"position\":1,\"name\":\"In\u00edcio\",\"item\":\"https:\/\/digitaldecor.pt\/en\/\"},{\"@type\":\"ListItem\",\"position\":2,\"name\":\"Pr\u00e9 Match Print aposta na tecnologia de grande formato\"}]},{\"@type\":\"WebSite\",\"@id\":\"https:\/\/digitaldecor.pt\/en\/#website\",\"url\":\"https:\/\/digitaldecor.pt\/en\/\",\"name\":\"Digital Decor\",\"description\":\"Digital production. Brand Activation\",\"publisher\":{\"@id\":\"https:\/\/digitaldecor.pt\/en\/#organization\"},\"potentialAction\":[{\"@type\":\"SearchAction\",\"target\":{\"@type\":\"EntryPoint\",\"urlTemplate\":\"https:\/\/digitaldecor.pt\/en\/?s={search_term_string}\"},\"query-input\":\"required name=search_term_string\"}],\"inLanguage\":\"en-US\"},{\"@type\":\"Organization\",\"@id\":\"https:\/\/digitaldecor.pt\/en\/#organization\",\"name\":\"Digital Decor\",\"url\":\"https:\/\/digitaldecor.pt\/en\/\",\"logo\":{\"@type\":\"ImageObject\",\"inLanguage\":\"en-US\",\"@id\":\"https:\/\/digitaldecor.pt\/en\/#\/schema\/logo\/image\/\",\"url\":\"https:\/\/digitaldecor.pt\/wp-content\/uploads\/2017\/11\/full-icon-3.png\",\"contentUrl\":\"https:\/\/digitaldecor.pt\/wp-content\/uploads\/2017\/11\/full-icon-3.png\",\"width\":960,\"height\":960,\"caption\":\"Digital Decor\"},\"image\":{\"@id\":\"https:\/\/digitaldecor.pt\/en\/#\/schema\/logo\/image\/\"},\"sameAs\":[\"https:\/\/www.facebook.com\/digitaldecor.pt\/\",\"https:\/\/www.instagram.com\/digitaldecor.pt\/\",\"https:\/\/www.linkedin.com\/company\/digitaldecorpt\",\"https:\/\/www.youtube.com\/channel\/UC83AgxTYOZg2oTDb0VhAbxQ\"]}]}<\/script>\n<!-- \/ Yoast SEO plugin. -->","yoast_head_json":{"title":"Pr\u00e9 Match Print aposta na tecnologia de grande formato - Digital Decor","robots":{"index":"index","follow":"follow","max-snippet":"max-snippet:-1","max-image-preview":"max-image-preview:large","max-video-preview":"max-video-preview:-1"},"canonical":"https:\/\/digitaldecor.pt\/pre-match-print-aposta-na-tecnologia-de-grande-formato\/","og_locale":"en_US","og_type":"article","og_title":"Pr\u00e9 Match Print aposta na tecnologia de grande formato - Digital Decor","og_url":"https:\/\/digitaldecor.pt\/pre-match-print-aposta-na-tecnologia-de-grande-formato\/","og_site_name":"Digital Decor","article_publisher":"https:\/\/www.facebook.com\/digitaldecor.pt\/","article_modified_time":"2021-04-23T10:14:23+00:00","og_image":[{"width":1500,"height":1000,"url":"https:\/\/digitaldecor.pt\/wp-content\/uploads\/2021\/07\/digitaldecor-02.jpeg","type":"image\/jpeg"}],"twitter_card":"summary_large_image","twitter_misc":{"Est. reading time":"1 minute"},"schema":{"@context":"https:\/\/schema.org","@graph":[{"@type":["WebPage","AboutPage"],"@id":"https:\/\/digitaldecor.pt\/pre-match-print-aposta-na-tecnologia-de-grande-formato\/","url":"https:\/\/digitaldecor.pt\/pre-match-print-aposta-na-tecnologia-de-grande-formato\/","name":"Pr\u00e9 Match Print aposta na tecnologia de grande formato - Digital Decor","isPartOf":{"@id":"https:\/\/digitaldecor.pt\/en\/#website"},"datePublished":"2021-04-16T11:36:56+00:00","dateModified":"2021-04-23T10:14:23+00:00","breadcrumb":{"@id":"https:\/\/digitaldecor.pt\/pre-match-print-aposta-na-tecnologia-de-grande-formato\/#breadcrumb"},"inLanguage":"en-US","potentialAction":[{"@type":"ReadAction","target":["https:\/\/digitaldecor.pt\/pre-match-print-aposta-na-tecnologia-de-grande-formato\/"]}]},{"@type":"BreadcrumbList","@id":"https:\/\/digitaldecor.pt\/pre-match-print-aposta-na-tecnologia-de-grande-formato\/#breadcrumb","itemListElement":[{"@type":"ListItem","position":1,"name":"In\u00edcio","item":"https:\/\/digitaldecor.pt\/en\/"},{"@type":"ListItem","position":2,"name":"Pr\u00e9 Match Print aposta na tecnologia de grande formato"}]},{"@type":"WebSite","@id":"https:\/\/digitaldecor.pt\/en\/#website","url":"https:\/\/digitaldecor.pt\/en\/","name":"Digital Decor","description":"Digital production. Brand Activation","publisher":{"@id":"https:\/\/digitaldecor.pt\/en\/#organization"},"potentialAction":[{"@type":"SearchAction","target":{"@type":"EntryPoint","urlTemplate":"https:\/\/digitaldecor.pt\/en\/?s={search_term_string}"},"query-input":"required name=search_term_string"}],"inLanguage":"en-US"},{"@type":"Organization","@id":"https:\/\/digitaldecor.pt\/en\/#organization","name":"Digital Decor","url":"https:\/\/digitaldecor.pt\/en\/","logo":{"@type":"ImageObject","inLanguage":"en-US","@id":"https:\/\/digitaldecor.pt\/en\/#\/schema\/logo\/image\/","url":"https:\/\/digitaldecor.pt\/wp-content\/uploads\/2017\/11\/full-icon-3.png","contentUrl":"https:\/\/digitaldecor.pt\/wp-content\/uploads\/2017\/11\/full-icon-3.png","width":960,"height":960,"caption":"Digital Decor"},"image":{"@id":"https:\/\/digitaldecor.pt\/en\/#\/schema\/logo\/image\/"},"sameAs":["https:\/\/www.facebook.com\/digitaldecor.pt\/","https:\/\/www.instagram.com\/digitaldecor.pt\/","https:\/\/www.linkedin.com\/company\/digitaldecorpt","https:\/\/www.youtube.com\/channel\/UC83AgxTYOZg2oTDb0VhAbxQ"]}]}},"_links":{"self":[{"href":"https:\/\/digitaldecor.pt\/en\/wp-json\/wp\/v2\/pages\/8011"}],"collection":[{"href":"https:\/\/digitaldecor.pt\/en\/wp-json\/wp\/v2\/pages"}],"about":[{"href":"https:\/\/digitaldecor.pt\/en\/wp-json\/wp\/v2\/types\/page"}],"author":[{"embeddable":true,"href":"https:\/\/digitaldecor.pt\/en\/wp-json\/wp\/v2\/users\/1"}],"replies":[{"embeddable":true,"href":"https:\/\/digitaldecor.pt\/en\/wp-json\/wp\/v2\/comments?post=8011"}],"version-history":[{"count":24,"href":"https:\/\/digitaldecor.pt\/en\/wp-json\/wp\/v2\/pages\/8011\/revisions"}],"predecessor-version":[{"id":8120,"href":"https:\/\/digitaldecor.pt\/en\/wp-json\/wp\/v2\/pages\/8011\/revisions\/8120"}],"wp:attachment":[{"href":"https:\/\/digitaldecor.pt\/en\/wp-json\/wp\/v2\/media?parent=8011"}],"curies":[{"name":"wp","href":"https:\/\/api.w.org\/{rel}","templated":true}]}}