{"id":7716,"date":"2021-02-11T10:43:45","date_gmt":"2021-02-11T10:43:45","guid":{"rendered":"https:\/\/digitaldecor.pt\/?page_id=7716"},"modified":"2021-04-23T10:17:40","modified_gmt":"2021-04-23T10:17:40","slug":"impressao-grande-formato","status":"publish","type":"page","link":"https:\/\/digitaldecor.pt\/en\/impressao-grande-formato\/","title":{"rendered":"Impress\u00e3o Grande Formato"},"content":{"rendered":"[vc_row fullwidth=&#8221;true&#8221; attached=&#8221;true&#8221; padding=&#8221;0&#8243; css=&#8221;.vc_custom_1604505387585{margin-bottom: 80px !important;border-bottom-width: px !important;padding-top: 0px !important;padding-right: 0px !important;padding-bottom: 0px !important;padding-left: 0px !important;}&#8221;][vc_column][mk_page_title_box page_title=&#8221;IMPRESS\u00c3O EM GRANDE FORMATO&#8221; page_subtitle=&#8221;CAUSAMOS BOAS IMPRESS\u00d5ES EM GRANDE FORMATO!&#8221; section_height=&#8221;500&#8243; bg_image=&#8221;https:\/\/digitaldecor.pt\/wp-content\/uploads\/2017\/11\/contact-cover.jpg&#8221; bg_position=&#8221;center center&#8221; bg_stretch=&#8221;true&#8221; overlay=&#8221;rgba(80,90,95,0.8)&#8221; bg_effects=&#8221;parallax&#8221; title_letter_spacing=&#8221;1&#8243; font_color=&#8221;#1bbc9b&#8221; font_weight=&#8221;900&#8243; underline=&#8221;false&#8221; padding=&#8221;15&#8243; sub_font_size=&#8221;20&#8243; sub_font_color=&#8221;#ffffff&#8221;][\/vc_column][\/vc_row][vc_row css=&#8221;.vc_custom_1604505396755{margin-bottom: 50px !important;border-bottom-width: 50px !important;}&#8221;][vc_column width=&#8221;1\/2&#8243;][vc_single_image image=&#8221;6128&#8243; img_size=&#8221;500X150&#8243; alignment=&#8221;center&#8221;][\/vc_column][vc_column width=&#8221;1\/2&#8243;][vc_column_text css=&#8221;.vc_custom_1619172667395{margin-bottom: 0px !important;}&#8221;]\n<h3 class=\"p1\"><b>Impress\u00e3o de Grande Formato<\/b><\/h3>\n<p>A EFI VUTEK D5r vem revolucionar o mercado da impress\u00e3o digital em grande formato. A nova impressora combina a alta defini\u00e7\u00e3o de imagem com uma maior velocidade de produ\u00e7\u00e3o de m2\/hora, em materiais como: alcatifa, lona, vinil, t\u00eaxtil, tudo isto concentrado num s\u00f3 um equipamento.[\/vc_column_text][\/vc_column][\/vc_row][mk_page_section vertical_align=&#8221;center&#8221; bg_color=&#8221;#f2f2f2&#8243; blend_mode=&#8221;lighten&#8221; padding_bottom=&#8221;13&#8243; margin_bottom=&#8221;10&#8243; sidebar=&#8221;sidebar-1&#8243;][vc_column width=&#8221;1\/2&#8243;][vc_column_text css=&#8221;.vc_custom_1611146449376{margin-bottom: 0px !important;}&#8221;]<b>Certifica\u00e7\u00e3o <em>GREENGUARD<\/em><\/b><\/p>\n<p class=\"p1\">Os equipamentos que alcan\u00e7aram a Certifica\u00e7\u00e3o GREENGUARD s\u00e3o cientificamente comprovados como cumpridores de alguns dos mais rigorosos padr\u00f5es de emiss\u00e3o de produtos qu\u00edmicos. Atrav\u00e9s da utiliza\u00e7\u00e3o de luzes LED e de menos compostos org\u00e2nicos vol\u00e1teis (VOC), diminu\u00edmos o consumo de energia, o desperd\u00edcio e os consum\u00edveis.<\/p>\n[\/vc_column_text][\/vc_column][vc_column width=&#8221;1\/2&#8243;][mk_image src=&#8221;https:\/\/digitaldecor.pt\/wp-content\/uploads\/2021\/01\/greenguard_logos-300&#215;172-1.png&#8221; image_size=&#8221;full&#8221; align=&#8221;center&#8221;][\/vc_column][\/mk_page_section][vc_row css=&#8221;.vc_custom_1604505410525{margin-top: 50px !important;margin-bottom: 50px !important;}&#8221;][vc_column][vc_column_text align=&#8221;center&#8221; margin_bottom=&#8221;20&#8243; css=&#8221;.vc_custom_1619172068512{margin-bottom: 30px !important;}&#8221;]\n<h2 style=\"text-align: center;\">AS VANTAGENS DA EFI VUTEK D5r<\/h2>\n[\/vc_column_text][\/vc_column][\/vc_row][vc_row css=&#8221;.vc_custom_1604505421599{margin-top: 40px !important;margin-bottom: 40px !important;}&#8221;][vc_column width=&#8221;1\/4&#8243;][mk_icon_box icon=&#8221;mk-icon-arrows-alt&#8221; text_size=&#8221;20&#8243; style=&#8221;simple_ultimate&#8221; icon_location=&#8221;top&#8221; margin=&#8221;20&#8243;]\n<h4 style=\"text-align: center;\">AT\u00c9 5 METROS<\/h4>\n<h4 style=\"text-align: center;\">IMPRESS\u00c3O UV DE GRANDE FORMATO<\/h4>\n<h4 style=\"text-align: center;\"><\/h4>\n<h3 style=\"text-align: center;\"><\/h3>\n[\/mk_icon_box][\/vc_column][vc_column width=&#8221;1\/4&#8243;][mk_icon_box icon=&#8221;mk-icon-child&#8221; text_size=&#8221;20&#8243; style=&#8221;simple_ultimate&#8221; icon_location=&#8221;top&#8221;]\n<h4 style=\"text-align: center;\">GREENGUARD GOLD<\/h4>\n<h4 style=\"text-align: center;\">CERTIFICA\u00c7\u00c3O AMBIENTAL DE BAIXAS EMISS\u00d5ES<\/h4>\n<h3 style=\"text-align: center;\"><\/h3>\n[\/mk_icon_box][\/vc_column][vc_column width=&#8221;1\/4&#8243;][mk_icon_box icon=&#8221;mk-icon-line-chart&#8221; text_size=&#8221;20&#8243; style=&#8221;simple_ultimate&#8221; icon_location=&#8221;top&#8221; margin=&#8221;20&#8243;]\n<h4 style=\"text-align: center;\">244 M2\/HORA<\/h4>\n<h4 style=\"text-align: center;\">MAIOR VELOCIDADE DE PRODU\u00c7\u00c3O<\/h4>\n<h3 style=\"text-align: center;\"><\/h3>\n[\/mk_icon_box][\/vc_column][vc_column width=&#8221;1\/4&#8243;][mk_icon_box icon=&#8221;mk-icon-print&#8221; text_size=&#8221;20&#8243; style=&#8221;simple_ultimate&#8221; icon_location=&#8221;top&#8221;]\n<h4 style=\"text-align: center;\">1.200 DPI<\/h4>\n<h4 style=\"text-align: center;\">RESOLU\u00c7\u00c3O REAL COM A OP\u00c7\u00c3O DE ULTRA-ALTA DEFINI\u00c7\u00c3O<\/h4>\n<h3 style=\"text-align: center;\"><\/h3>\n[\/mk_icon_box][\/vc_column][\/vc_row][vc_row][vc_column][vc_separator][\/vc_column][\/vc_row][vc_row css=&#8221;.vc_custom_1604505439278{margin-top: 50px !important;margin-bottom: 70px !important;}&#8221;][vc_column][vc_video link=&#8221;https:\/\/youtu.be\/srfG2_c4zuA&#8221;][\/vc_column][\/vc_row][vc_row][vc_column][vc_separator][\/vc_column][\/vc_row][vc_row css=&#8221;.vc_custom_1604505450296{margin-top: 50px !important;margin-bottom: 50px !important;}&#8221;][vc_column width=&#8221;2\/3&#8243;][mk_image src=&#8221;https:\/\/digitaldecor.pt\/wp-content\/uploads\/2021\/01\/efi-1.jpg&#8221; image_size=&#8221;full&#8221; align=&#8221;center&#8221;][\/vc_column][vc_column width=&#8221;1\/3&#8243;][vc_column_text align=&#8221;center&#8221; margin_bottom=&#8221;20&#8243; css=&#8221;.vc_custom_1619172941277{margin-bottom: 30px !important;}&#8221;]\n<h2 style=\"text-align: left;\">COMUNICA\u00c7\u00c3O VISUAL<\/h2>\n[\/vc_column_text][vc_column_text css=&#8221;.vc_custom_1619173052990{margin-bottom: 0px !important;}&#8221;]Desenvolvemos materiais ainda com maior defini\u00e7\u00e3o de imagem, cores mais vivas e acabamentos mais brilhantes com a nova EFI VUTEK D5r. As aplica\u00e7\u00f5es s\u00e3o infinitas, em ambientes internos a externos, alguns exemplos s\u00e3o:[\/vc_column_text][vc_column_text css=&#8221;.vc_custom_1611146378383{margin-bottom: 0px !important;}&#8221;]\n<ul>\n<li>Adesivos\/gr\u00e1ficos para vitrines<\/li>\n<li>Alcatifas personalizadas e 3D<\/li>\n<li>Banners<\/li>\n<li>Displays retroiluminados<\/li>\n<li>Gr\u00e1ficos de piso<\/li>\n<li>Gr\u00e1ficos para pontos de vendas<\/li>\n<li>Gr\u00e1ficos para feiras e eventos<\/li>\n<li>Gr\u00e1ficos de parede<\/li>\n<li>Gr\u00e1ficos para frota autom\u00f3vel<\/li>\n<li>Lonas publicit\u00e1rias<\/li>\n<\/ul>\n<p><em>We Make It Happen!<\/em>[\/vc_column_text][\/vc_column][\/vc_row][mk_page_section bg_image=&#8221;https:\/\/digitaldecor.pt\/wp-content\/uploads\/2017\/11\/contact-cover.jpg&#8221; attachment=&#8221;fixed&#8221; bg_position=&#8221;center center&#8221; bg_repeat=&#8221;no-repeat&#8221; bg_stretch=&#8221;true&#8221; full_width=&#8221;true&#8221; padding_top=&#8221;180&#8243; padding_bottom=&#8221;180&#8243; sidebar=&#8221;sidebar-1&#8243; first_page=&#8221;false&#8221; last_page=&#8221;false&#8221;][vc_column][vc_row_inner][vc_column_inner width=&#8221;1\/2&#8243;][mk_button dimension=&#8221;outline&#8221; corner_style=&#8221;rounded&#8221; size=&#8221;large&#8221; url=&#8221;https:\/\/digitaldecor.pt\/portefolio\/&#8221; align=&#8221;right&#8221; margin_bottom=&#8221;0&#8243; margin_right=&#8221;0&#8243; outline_skin=&#8221;light&#8221;]VER PORTEF\u00d3LIO[\/mk_button][\/vc_column_inner][vc_column_inner width=&#8221;1\/2&#8243;][mk_button dimension=&#8221;flat&#8221; corner_style=&#8221;rounded&#8221; size=&#8221;large&#8221; url=&#8221;https:\/\/digitaldecor.pt\/contactos\/&#8221; margin_bottom=&#8221;0&#8243; bg_color=&#8221;#1bbc9b&#8221; btn_hover_bg=&#8221;#16a688&#8243;]CONTACTA-NOS[\/mk_button][\/vc_column_inner][\/vc_row_inner][\/vc_column][\/mk_page_section]\n","protected":false},"excerpt":{"rendered":"<p>[vc_row fullwidth=&#8221;true&#8221; attached=&#8221;true&#8221; padding=&#8221;0&#8243; css=&#8221;.vc_custom_1604505387585{margin-bottom: 80px !important;border-bottom-width: px !important;padding-top: 0px !important;padding-right: 0px !important;padding-bottom: 0px !important;padding-left: 0px !important;}&#8221;][vc_column][mk_page_title_box page_title=&#8221;IMPRESS\u00c3O EM GRANDE FORMATO&#8221; page_subtitle=&#8221;CAUSAMOS BOAS IMPRESS\u00d5ES EM GRANDE FORMATO!&#8221; section_height=&#8221;500&#8243; bg_image=&#8221;https:\/\/digitaldecor.pt\/wp-content\/uploads\/2017\/11\/contact-cover.jpg&#8221; bg_position=&#8221;center center&#8221; bg_stretch=&#8221;true&#8221; overlay=&#8221;rgba(80,90,95,0.8)&#8221; bg_effects=&#8221;parallax&#8221; title_letter_spacing=&#8221;1&#8243; font_color=&#8221;#1bbc9b&#8221; font_weight=&#8221;900&#8243; underline=&#8221;false&#8221; padding=&#8221;15&#8243; sub_font_size=&#8221;20&#8243; sub_font_color=&#8221;#ffffff&#8221;][\/vc_column][\/vc_row][vc_row css=&#8221;.vc_custom_1604505396755{margin-bottom: 50px !important;border-bottom-width: 50px !important;}&#8221;][vc_column width=&#8221;1\/2&#8243;][vc_single_image image=&#8221;6128&#8243; img_size=&#8221;500X150&#8243; alignment=&#8221;center&#8221;][\/vc_column][vc_column width=&#8221;1\/2&#8243;][vc_column_text css=&#8221;.vc_custom_1619172667395{margin-bottom: 0px !important;}&#8221;] Impress\u00e3o [&hellip;]<\/p>\n","protected":false},"author":1,"featured_media":0,"parent":0,"menu_order":0,"comment_status":"closed","ping_status":"closed","template":"","meta":[],"translation":{"provider":"WPGlobus","version":"3.0.1","language":"en","enabled_languages":["pt","en"],"languages":{"pt":{"title":true,"content":true,"excerpt":false},"en":{"title":false,"content":false,"excerpt":false}}},"yoast_head":"<!-- This site is optimized with the Yoast SEO plugin v20.4 - https:\/\/yoast.com\/wordpress\/plugins\/seo\/ -->\n<title>Impress\u00e3o Grande Formato - Digital Decor<\/title>\n<meta name=\"robots\" content=\"index, follow, max-snippet:-1, max-image-preview:large, max-video-preview:-1\" \/>\n<link rel=\"canonical\" href=\"https:\/\/digitaldecor.pt\/impressao-grande-formato\/\" \/>\n<meta property=\"og:locale\" content=\"en_US\" \/>\n<meta property=\"og:type\" content=\"article\" \/>\n<meta property=\"og:title\" content=\"Impress\u00e3o Grande Formato - Digital Decor\" \/>\n<meta property=\"og:url\" content=\"https:\/\/digitaldecor.pt\/impressao-grande-formato\/\" \/>\n<meta property=\"og:site_name\" content=\"Digital Decor\" \/>\n<meta property=\"article:publisher\" content=\"https:\/\/www.facebook.com\/digitaldecor.pt\/\" \/>\n<meta property=\"article:modified_time\" content=\"2021-04-23T10:17:40+00:00\" \/>\n<meta property=\"og:image\" content=\"https:\/\/digitaldecor.pt\/wp-content\/uploads\/2021\/07\/digitaldecor-02.jpeg\" \/>\n\t<meta property=\"og:image:width\" content=\"1500\" \/>\n\t<meta property=\"og:image:height\" content=\"1000\" \/>\n\t<meta property=\"og:image:type\" content=\"image\/jpeg\" \/>\n<meta name=\"twitter:card\" content=\"summary_large_image\" \/>\n<meta name=\"twitter:label1\" content=\"Est. reading time\" \/>\n\t<meta name=\"twitter:data1\" content=\"2 minutes\" \/>\n<script type=\"application\/ld+json\" class=\"yoast-schema-graph\">{\"@context\":\"https:\/\/schema.org\",\"@graph\":[{\"@type\":[\"WebPage\",\"AboutPage\"],\"@id\":\"https:\/\/digitaldecor.pt\/impressao-grande-formato\/\",\"url\":\"https:\/\/digitaldecor.pt\/impressao-grande-formato\/\",\"name\":\"Impress\u00e3o Grande Formato - Digital Decor\",\"isPartOf\":{\"@id\":\"https:\/\/digitaldecor.pt\/en\/#website\"},\"datePublished\":\"2021-02-11T10:43:45+00:00\",\"dateModified\":\"2021-04-23T10:17:40+00:00\",\"breadcrumb\":{\"@id\":\"https:\/\/digitaldecor.pt\/impressao-grande-formato\/#breadcrumb\"},\"inLanguage\":\"en-US\",\"potentialAction\":[{\"@type\":\"ReadAction\",\"target\":[\"https:\/\/digitaldecor.pt\/impressao-grande-formato\/\"]}]},{\"@type\":\"BreadcrumbList\",\"@id\":\"https:\/\/digitaldecor.pt\/impressao-grande-formato\/#breadcrumb\",\"itemListElement\":[{\"@type\":\"ListItem\",\"position\":1,\"name\":\"In\u00edcio\",\"item\":\"https:\/\/digitaldecor.pt\/en\/\"},{\"@type\":\"ListItem\",\"position\":2,\"name\":\"Impress\u00e3o Grande Formato\"}]},{\"@type\":\"WebSite\",\"@id\":\"https:\/\/digitaldecor.pt\/en\/#website\",\"url\":\"https:\/\/digitaldecor.pt\/en\/\",\"name\":\"Digital Decor\",\"description\":\"Digital production. Brand Activation\",\"publisher\":{\"@id\":\"https:\/\/digitaldecor.pt\/en\/#organization\"},\"potentialAction\":[{\"@type\":\"SearchAction\",\"target\":{\"@type\":\"EntryPoint\",\"urlTemplate\":\"https:\/\/digitaldecor.pt\/en\/?s={search_term_string}\"},\"query-input\":\"required name=search_term_string\"}],\"inLanguage\":\"en-US\"},{\"@type\":\"Organization\",\"@id\":\"https:\/\/digitaldecor.pt\/en\/#organization\",\"name\":\"Digital Decor\",\"url\":\"https:\/\/digitaldecor.pt\/en\/\",\"logo\":{\"@type\":\"ImageObject\",\"inLanguage\":\"en-US\",\"@id\":\"https:\/\/digitaldecor.pt\/en\/#\/schema\/logo\/image\/\",\"url\":\"https:\/\/digitaldecor.pt\/wp-content\/uploads\/2017\/11\/full-icon-3.png\",\"contentUrl\":\"https:\/\/digitaldecor.pt\/wp-content\/uploads\/2017\/11\/full-icon-3.png\",\"width\":960,\"height\":960,\"caption\":\"Digital Decor\"},\"image\":{\"@id\":\"https:\/\/digitaldecor.pt\/en\/#\/schema\/logo\/image\/\"},\"sameAs\":[\"https:\/\/www.facebook.com\/digitaldecor.pt\/\",\"https:\/\/www.instagram.com\/digitaldecor.pt\/\",\"https:\/\/www.linkedin.com\/company\/digitaldecorpt\",\"https:\/\/www.youtube.com\/channel\/UC83AgxTYOZg2oTDb0VhAbxQ\"]}]}<\/script>\n<!-- \/ Yoast SEO plugin. -->","yoast_head_json":{"title":"Impress\u00e3o Grande Formato - Digital Decor","robots":{"index":"index","follow":"follow","max-snippet":"max-snippet:-1","max-image-preview":"max-image-preview:large","max-video-preview":"max-video-preview:-1"},"canonical":"https:\/\/digitaldecor.pt\/impressao-grande-formato\/","og_locale":"en_US","og_type":"article","og_title":"Impress\u00e3o Grande Formato - Digital Decor","og_url":"https:\/\/digitaldecor.pt\/impressao-grande-formato\/","og_site_name":"Digital Decor","article_publisher":"https:\/\/www.facebook.com\/digitaldecor.pt\/","article_modified_time":"2021-04-23T10:17:40+00:00","og_image":[{"width":1500,"height":1000,"url":"https:\/\/digitaldecor.pt\/wp-content\/uploads\/2021\/07\/digitaldecor-02.jpeg","type":"image\/jpeg"}],"twitter_card":"summary_large_image","twitter_misc":{"Est. reading time":"2 minutes"},"schema":{"@context":"https:\/\/schema.org","@graph":[{"@type":["WebPage","AboutPage"],"@id":"https:\/\/digitaldecor.pt\/impressao-grande-formato\/","url":"https:\/\/digitaldecor.pt\/impressao-grande-formato\/","name":"Impress\u00e3o Grande Formato - Digital Decor","isPartOf":{"@id":"https:\/\/digitaldecor.pt\/en\/#website"},"datePublished":"2021-02-11T10:43:45+00:00","dateModified":"2021-04-23T10:17:40+00:00","breadcrumb":{"@id":"https:\/\/digitaldecor.pt\/impressao-grande-formato\/#breadcrumb"},"inLanguage":"en-US","potentialAction":[{"@type":"ReadAction","target":["https:\/\/digitaldecor.pt\/impressao-grande-formato\/"]}]},{"@type":"BreadcrumbList","@id":"https:\/\/digitaldecor.pt\/impressao-grande-formato\/#breadcrumb","itemListElement":[{"@type":"ListItem","position":1,"name":"In\u00edcio","item":"https:\/\/digitaldecor.pt\/en\/"},{"@type":"ListItem","position":2,"name":"Impress\u00e3o Grande Formato"}]},{"@type":"WebSite","@id":"https:\/\/digitaldecor.pt\/en\/#website","url":"https:\/\/digitaldecor.pt\/en\/","name":"Digital Decor","description":"Digital production. Brand Activation","publisher":{"@id":"https:\/\/digitaldecor.pt\/en\/#organization"},"potentialAction":[{"@type":"SearchAction","target":{"@type":"EntryPoint","urlTemplate":"https:\/\/digitaldecor.pt\/en\/?s={search_term_string}"},"query-input":"required name=search_term_string"}],"inLanguage":"en-US"},{"@type":"Organization","@id":"https:\/\/digitaldecor.pt\/en\/#organization","name":"Digital Decor","url":"https:\/\/digitaldecor.pt\/en\/","logo":{"@type":"ImageObject","inLanguage":"en-US","@id":"https:\/\/digitaldecor.pt\/en\/#\/schema\/logo\/image\/","url":"https:\/\/digitaldecor.pt\/wp-content\/uploads\/2017\/11\/full-icon-3.png","contentUrl":"https:\/\/digitaldecor.pt\/wp-content\/uploads\/2017\/11\/full-icon-3.png","width":960,"height":960,"caption":"Digital Decor"},"image":{"@id":"https:\/\/digitaldecor.pt\/en\/#\/schema\/logo\/image\/"},"sameAs":["https:\/\/www.facebook.com\/digitaldecor.pt\/","https:\/\/www.instagram.com\/digitaldecor.pt\/","https:\/\/www.linkedin.com\/company\/digitaldecorpt","https:\/\/www.youtube.com\/channel\/UC83AgxTYOZg2oTDb0VhAbxQ"]}]}},"_links":{"self":[{"href":"https:\/\/digitaldecor.pt\/en\/wp-json\/wp\/v2\/pages\/7716"}],"collection":[{"href":"https:\/\/digitaldecor.pt\/en\/wp-json\/wp\/v2\/pages"}],"about":[{"href":"https:\/\/digitaldecor.pt\/en\/wp-json\/wp\/v2\/types\/page"}],"author":[{"embeddable":true,"href":"https:\/\/digitaldecor.pt\/en\/wp-json\/wp\/v2\/users\/1"}],"replies":[{"embeddable":true,"href":"https:\/\/digitaldecor.pt\/en\/wp-json\/wp\/v2\/comments?post=7716"}],"version-history":[{"count":73,"href":"https:\/\/digitaldecor.pt\/en\/wp-json\/wp\/v2\/pages\/7716\/revisions"}],"predecessor-version":[{"id":8122,"href":"https:\/\/digitaldecor.pt\/en\/wp-json\/wp\/v2\/pages\/7716\/revisions\/8122"}],"wp:attachment":[{"href":"https:\/\/digitaldecor.pt\/en\/wp-json\/wp\/v2\/media?parent=7716"}],"curies":[{"name":"wp","href":"https:\/\/api.w.org\/{rel}","templated":true}]}}