{"id":36,"date":"2014-09-24T13:09:40","date_gmt":"2014-09-24T13:09:40","guid":{"rendered":"http:\/\/demos.artbees.net\/jupiter5\/sponde\/?page_id=36"},"modified":"2021-03-24T15:47:54","modified_gmt":"2021-03-24T15:47:54","slug":"digital-decor","status":"publish","type":"page","link":"https:\/\/digitaldecor.pt\/en\/","title":{"rendered":"Home"},"content":{"rendered":"[mk_page_section attachment=&#8221;fixed&#8221; bg_position=&#8221;center center&#8221; bg_repeat=&#8221;no-repeat&#8221; bg_video=&#8221;yes&#8221; video_mask=&#8221;true&#8221; bg_gradient=&#8221;vertical&#8221; video_color_mask=&#8221;#0a0a0a&#8221; full_width=&#8221;true&#8221; padding_top=&#8221;0&#8243; padding_bottom=&#8221;0&#8243; sidebar=&#8221;sidebar-1&#8243; first_page=&#8221;false&#8221; last_page=&#8221;false&#8221;][vc_column][vc_video host=&#8221;self_hosted&#8221; mp4=&#8221;https:\/\/digitaldecor.pt\/wp-content\/uploads\/2020\/08\/site.mp4&#8243; autoplay=&#8221;true&#8221; loop=&#8221;true&#8221; hide_controls=&#8221;true&#8221;][\/vc_column][\/mk_page_section][mk_page_section bg_color=&#8221;#f9fafc&#8221; padding_top=&#8221;105&#8243; padding_bottom=&#8221;130&#8243; sidebar=&#8221;sidebar-1&#8243; first_page=&#8221;false&#8221; last_page=&#8221;false&#8221;][vc_column][vc_row_inner][vc_column_inner width=&#8221;1\/4&#8243;][mk_font_icons icon=&#8221;mk-li-portfolio&#8221; color=&#8221;#ffffff&#8221; size=&#8221;xx-large&#8221; circle=&#8221;true&#8221; circle_color=&#8221;#1bbc9b&#8221; align=&#8221;center&#8221; padding_horizental=&#8221;0&#8243; padding_vertical=&#8221;0&#8243;][mk_milestone icon_size=&#8221;medium&#8221; align=&#8221;center&#8221; icon_color=&#8221;#ffffff&#8221; text=&#8221;WORKS CARRIED OUT&#8221; text_color=&#8221;#323232&#8243; text_size=&#8221;45&#8243; font_family=&#8221;none&#8221; desc_size=&#8221;10&#8243;][\/vc_column_inner][vc_column_inner width=&#8221;1\/4&#8243;][mk_font_icons icon=&#8221;mk-icon-print&#8221; color=&#8221;#ffffff&#8221; size=&#8221;xx-large&#8221; circle=&#8221;true&#8221; circle_color=&#8221;#1bbc9b&#8221; align=&#8221;center&#8221; padding_horizental=&#8221;0&#8243; padding_vertical=&#8221;0&#8243;][mk_milestone icon_size=&#8221;medium&#8221; align=&#8221;center&#8221; icon_color=&#8221;#ffffff&#8221; start=&#8221;150&#8243; stop=&#8221;320&#8243; text=&#8221;M2 PRINTED&#8221; text_color=&#8221;#323232&#8243; text_size=&#8221;45&#8243; font_family=&#8221;none&#8221; desc_size=&#8221;10&#8243;][\/vc_column_inner][vc_column_inner width=&#8221;1\/4&#8243;][mk_font_icons icon=&#8221;mk-li-love&#8221; color=&#8221;#ffffff&#8221; size=&#8221;xx-large&#8221; circle=&#8221;true&#8221; circle_color=&#8221;#1bbc9b&#8221; align=&#8221;center&#8221; padding_horizental=&#8221;0&#8243; padding_vertical=&#8221;0&#8243;][mk_milestone icon_size=&#8221;medium&#8221; align=&#8221;center&#8221; icon_color=&#8221;#ffffff&#8221; start=&#8221;100&#8243; stop=&#8221;249&#8243; text=&#8221;SATISFIED CUSTOMERS&#8221; text_color=&#8221;#323232&#8243; text_size=&#8221;45&#8243; font_family=&#8221;none&#8221; desc_size=&#8221;10&#8243;][\/vc_column_inner][vc_column_inner width=&#8221;1\/4&#8243;][mk_font_icons icon=&#8221;mk-icon-cut&#8221; color=&#8221;#ffffff&#8221; size=&#8221;xx-large&#8221; circle=&#8221;true&#8221; circle_color=&#8221;#1bbc9b&#8221; align=&#8221;center&#8221; padding_horizental=&#8221;0&#8243; padding_vertical=&#8221;0&#8243;][mk_milestone icon_size=&#8221;medium&#8221; align=&#8221;center&#8221; icon_color=&#8221;#ffffff&#8221; start=&#8221;2000&#8243; stop=&#8221;3462&#8243; text=&#8221;M2 CUT&#8221; text_color=&#8221;#323232&#8243; text_size=&#8221;45&#8243; font_family=&#8221;none&#8221; desc_size=&#8221;10&#8243;][\/vc_column_inner][\/vc_row_inner][\/vc_column][\/mk_page_section][mk_page_section bg_image=&#8221;https:\/\/digitaldecor.pt\/wp-content\/uploads\/2017\/11\/contact-cover.jpg&#8221; attachment=&#8221;fixed&#8221; bg_position=&#8221;center center&#8221; bg_repeat=&#8221;no-repeat&#8221; bg_stretch=&#8221;true&#8221; full_width=&#8221;true&#8221; padding_top=&#8221;180&#8243; padding_bottom=&#8221;180&#8243; sidebar=&#8221;sidebar-1&#8243; first_page=&#8221;false&#8221; last_page=&#8221;false&#8221;][vc_column][mk_fancy_title tag_name=&#8221;h4&#8243; color=&#8221;#ffffff&#8221; size=&#8221;30&#8243; txt_transform=&#8221;none&#8221; margin_bottom=&#8221;0&#8243; font_family=&#8221;none&#8221; align=&#8221;center&#8221;]Let&#8217;s talk about the project you want to accomplish. We can help.[\/mk_fancy_title][mk_fancy_title tag_name=&#8221;h5&#8243; color=&#8221;rgba(255,255,255,0.5)&#8221; size=&#8221;16&#8243; txt_transform=&#8221;none&#8221; margin_top=&#8221;30&#8243; margin_bottom=&#8221;60&#8243; font_family=&#8221;none&#8221; align=&#8221;center&#8221;]Contact us and we&#8217;ll be happy to know what you have to say.[\/mk_fancy_title][vc_row_inner][vc_column_inner width=&#8221;1\/2&#8243;][mk_button dimension=&#8221;flat&#8221; corner_style=&#8221;rounded&#8221; size=&#8221;large&#8221; url=&#8221;https:\/\/digitaldecor.pt\/contact\/&#8221; align=&#8221;right&#8221; margin_bottom=&#8221;0&#8243; bg_color=&#8221;#1bbc9b&#8221; btn_hover_bg=&#8221;#16a688&#8243;]CONTACT US[\/mk_button][\/vc_column_inner][vc_column_inner width=&#8221;1\/2&#8243;][mk_button dimension=&#8221;outline&#8221; corner_style=&#8221;rounded&#8221; size=&#8221;large&#8221; url=&#8221;https:\/\/digitaldecor.pt\/contact\/&#8221; margin_bottom=&#8221;0&#8243; outline_skin=&#8221;light&#8221;]WHERE ARE WE[\/mk_button][\/vc_column_inner][\/vc_row_inner][\/vc_column][\/mk_page_section]\n","protected":false},"excerpt":{"rendered":"<p>[mk_page_section attachment=&#8221;fixed&#8221; bg_position=&#8221;center center&#8221; bg_repeat=&#8221;no-repeat&#8221; bg_video=&#8221;yes&#8221; video_mask=&#8221;true&#8221; bg_gradient=&#8221;vertical&#8221; video_color_mask=&#8221;#0a0a0a&#8221; full_width=&#8221;true&#8221; padding_top=&#8221;0&#8243; padding_bottom=&#8221;0&#8243; sidebar=&#8221;sidebar-1&#8243; first_page=&#8221;false&#8221; last_page=&#8221;false&#8221;][vc_column][vc_video host=&#8221;self_hosted&#8221; mp4=&#8221;https:\/\/digitaldecor.pt\/wp-content\/uploads\/2020\/08\/site.mp4&#8243; autoplay=&#8221;true&#8221; loop=&#8221;true&#8221; hide_controls=&#8221;true&#8221;][\/vc_column][\/mk_page_section][mk_page_section bg_color=&#8221;#f9fafc&#8221; padding_top=&#8221;105&#8243; padding_bottom=&#8221;130&#8243; sidebar=&#8221;sidebar-1&#8243; first_page=&#8221;false&#8221; last_page=&#8221;false&#8221;][vc_column][vc_row_inner][vc_column_inner width=&#8221;1\/4&#8243;][mk_font_icons icon=&#8221;mk-li-portfolio&#8221; color=&#8221;#ffffff&#8221; size=&#8221;xx-large&#8221; circle=&#8221;true&#8221; circle_color=&#8221;#1bbc9b&#8221; align=&#8221;center&#8221; padding_horizental=&#8221;0&#8243; padding_vertical=&#8221;0&#8243;][mk_milestone icon_size=&#8221;medium&#8221; align=&#8221;center&#8221; icon_color=&#8221;#ffffff&#8221; text=&#8221;WORKS CARRIED OUT&#8221; text_color=&#8221;#323232&#8243; text_size=&#8221;45&#8243; font_family=&#8221;none&#8221; desc_size=&#8221;10&#8243;][\/vc_column_inner][vc_column_inner width=&#8221;1\/4&#8243;][mk_font_icons icon=&#8221;mk-icon-print&#8221; color=&#8221;#ffffff&#8221; size=&#8221;xx-large&#8221; circle=&#8221;true&#8221; circle_color=&#8221;#1bbc9b&#8221; align=&#8221;center&#8221; padding_horizental=&#8221;0&#8243; padding_vertical=&#8221;0&#8243;][mk_milestone icon_size=&#8221;medium&#8221; [&hellip;]<\/p>\n","protected":false},"author":1,"featured_media":0,"parent":0,"menu_order":0,"comment_status":"open","ping_status":"closed","template":"","meta":[],"translation":{"provider":"WPGlobus","version":"3.0.1","language":"en","enabled_languages":["pt","en"],"languages":{"pt":{"title":true,"content":true,"excerpt":false},"en":{"title":true,"content":true,"excerpt":false}}},"yoast_head":"<!-- This site is optimized with the Yoast SEO plugin v20.4 - https:\/\/yoast.com\/wordpress\/plugins\/seo\/ -->\n<title>Digital Decor<\/title>\n<meta name=\"robots\" content=\"index, follow, max-snippet:-1, max-image-preview:large, max-video-preview:-1\" \/>\n<link rel=\"canonical\" href=\"https:\/\/digitaldecor.pt\/\" \/>\n<meta property=\"og:locale\" content=\"en_US\" \/>\n<meta property=\"og:type\" content=\"article\" \/>\n<meta property=\"og:title\" content=\"Digital Decor\" \/>\n<meta property=\"og:url\" content=\"https:\/\/digitaldecor.pt\/\" \/>\n<meta property=\"og:site_name\" content=\"Digital Decor\" \/>\n<meta property=\"article:publisher\" content=\"https:\/\/www.facebook.com\/digitaldecor.pt\/\" \/>\n<meta property=\"article:modified_time\" content=\"2021-03-24T15:47:54+00:00\" \/>\n<meta property=\"og:image\" content=\"https:\/\/digitaldecor.pt\/wp-content\/uploads\/2021\/07\/digitaldecor-02.jpeg\" \/>\n\t<meta property=\"og:image:width\" content=\"1500\" \/>\n\t<meta property=\"og:image:height\" content=\"1000\" \/>\n\t<meta property=\"og:image:type\" content=\"image\/jpeg\" \/>\n<meta name=\"twitter:card\" content=\"summary_large_image\" \/>\n<meta name=\"twitter:label1\" content=\"Est. reading time\" \/>\n\t<meta name=\"twitter:data1\" content=\"1 minute\" \/>\n<script type=\"application\/ld+json\" class=\"yoast-schema-graph\">{\"@context\":\"https:\/\/schema.org\",\"@graph\":[{\"@type\":[\"WebPage\",\"AboutPage\"],\"@id\":\"https:\/\/digitaldecor.pt\/en\/\",\"url\":\"https:\/\/digitaldecor.pt\/\",\"name\":\"Home - Digital Decor\",\"isPartOf\":{\"@id\":\"https:\/\/digitaldecor.pt\/en\/#website\"},\"datePublished\":\"2014-09-24T13:09:40+00:00\",\"dateModified\":\"2021-03-24T15:47:54+00:00\",\"description\":\"A Digital Decor \u00e9 uma empresa especializada em Produ\u00e7\u00e3o Gr\u00e1fica, Implementa\u00e7\u00e3o de Imagem e Ativa\u00e7\u00e3o de Marca. Venha conhecer os nossos servi\u00e7os.\",\"breadcrumb\":{\"@id\":\"https:\/\/digitaldecor.pt\/#breadcrumb\"},\"inLanguage\":\"en-US\",\"potentialAction\":[{\"@type\":\"ReadAction\",\"target\":[\"https:\/\/digitaldecor.pt\/\"]}]},{\"@type\":\"BreadcrumbList\",\"@id\":\"https:\/\/digitaldecor.pt\/#breadcrumb\",\"itemListElement\":[{\"@type\":\"ListItem\",\"position\":1,\"name\":\"In\u00edcio\",\"item\":\"https:\/\/digitaldecor.pt\/en\/\"},{\"@type\":\"ListItem\",\"position\":2,\"name\":\"Home\"}]},{\"@type\":\"WebSite\",\"@id\":\"https:\/\/digitaldecor.pt\/en\/#website\",\"url\":\"https:\/\/digitaldecor.pt\/en\/\",\"name\":\"Digital Decor\",\"description\":\"Digital production. Brand Activation\",\"publisher\":{\"@id\":\"https:\/\/digitaldecor.pt\/en\/#organization\"},\"potentialAction\":[{\"@type\":\"SearchAction\",\"target\":{\"@type\":\"EntryPoint\",\"urlTemplate\":\"https:\/\/digitaldecor.pt\/en\/?s={search_term_string}\"},\"query-input\":\"required name=search_term_string\"}],\"inLanguage\":\"en-US\"},{\"@type\":\"Organization\",\"@id\":\"https:\/\/digitaldecor.pt\/en\/#organization\",\"name\":\"Digital Decor\",\"url\":\"https:\/\/digitaldecor.pt\/en\/\",\"logo\":{\"@type\":\"ImageObject\",\"inLanguage\":\"en-US\",\"@id\":\"https:\/\/digitaldecor.pt\/en\/#\/schema\/logo\/image\/\",\"url\":\"https:\/\/digitaldecor.pt\/wp-content\/uploads\/2017\/11\/full-icon-3.png\",\"contentUrl\":\"https:\/\/digitaldecor.pt\/wp-content\/uploads\/2017\/11\/full-icon-3.png\",\"width\":960,\"height\":960,\"caption\":\"Digital Decor\"},\"image\":{\"@id\":\"https:\/\/digitaldecor.pt\/en\/#\/schema\/logo\/image\/\"},\"sameAs\":[\"https:\/\/www.facebook.com\/digitaldecor.pt\/\",\"https:\/\/www.instagram.com\/digitaldecor.pt\/\",\"https:\/\/www.linkedin.com\/company\/digitaldecorpt\",\"https:\/\/www.youtube.com\/channel\/UC83AgxTYOZg2oTDb0VhAbxQ\"]}]}<\/script>\n<!-- \/ Yoast SEO plugin. -->","yoast_head_json":{"title":"Digital Decor","robots":{"index":"index","follow":"follow","max-snippet":"max-snippet:-1","max-image-preview":"max-image-preview:large","max-video-preview":"max-video-preview:-1"},"canonical":"https:\/\/digitaldecor.pt\/","og_locale":"en_US","og_type":"article","og_title":"Digital Decor","og_url":"https:\/\/digitaldecor.pt\/","og_site_name":"Digital Decor","article_publisher":"https:\/\/www.facebook.com\/digitaldecor.pt\/","article_modified_time":"2021-03-24T15:47:54+00:00","og_image":[{"width":1500,"height":1000,"url":"https:\/\/digitaldecor.pt\/wp-content\/uploads\/2021\/07\/digitaldecor-02.jpeg","type":"image\/jpeg"}],"twitter_card":"summary_large_image","twitter_misc":{"Est. reading time":"1 minute"},"schema":{"@context":"https:\/\/schema.org","@graph":[{"@type":["WebPage","AboutPage"],"@id":"https:\/\/digitaldecor.pt\/en\/","url":"https:\/\/digitaldecor.pt\/","name":"Home - Digital Decor","isPartOf":{"@id":"https:\/\/digitaldecor.pt\/en\/#website"},"datePublished":"2014-09-24T13:09:40+00:00","dateModified":"2021-03-24T15:47:54+00:00","description":"A Digital Decor \u00e9 uma empresa especializada em Produ\u00e7\u00e3o Gr\u00e1fica, Implementa\u00e7\u00e3o de Imagem e Ativa\u00e7\u00e3o de Marca. Venha conhecer os nossos servi\u00e7os.","breadcrumb":{"@id":"https:\/\/digitaldecor.pt\/#breadcrumb"},"inLanguage":"en-US","potentialAction":[{"@type":"ReadAction","target":["https:\/\/digitaldecor.pt\/"]}]},{"@type":"BreadcrumbList","@id":"https:\/\/digitaldecor.pt\/#breadcrumb","itemListElement":[{"@type":"ListItem","position":1,"name":"In\u00edcio","item":"https:\/\/digitaldecor.pt\/en\/"},{"@type":"ListItem","position":2,"name":"Home"}]},{"@type":"WebSite","@id":"https:\/\/digitaldecor.pt\/en\/#website","url":"https:\/\/digitaldecor.pt\/en\/","name":"Digital Decor","description":"Digital production. Brand Activation","publisher":{"@id":"https:\/\/digitaldecor.pt\/en\/#organization"},"potentialAction":[{"@type":"SearchAction","target":{"@type":"EntryPoint","urlTemplate":"https:\/\/digitaldecor.pt\/en\/?s={search_term_string}"},"query-input":"required name=search_term_string"}],"inLanguage":"en-US"},{"@type":"Organization","@id":"https:\/\/digitaldecor.pt\/en\/#organization","name":"Digital Decor","url":"https:\/\/digitaldecor.pt\/en\/","logo":{"@type":"ImageObject","inLanguage":"en-US","@id":"https:\/\/digitaldecor.pt\/en\/#\/schema\/logo\/image\/","url":"https:\/\/digitaldecor.pt\/wp-content\/uploads\/2017\/11\/full-icon-3.png","contentUrl":"https:\/\/digitaldecor.pt\/wp-content\/uploads\/2017\/11\/full-icon-3.png","width":960,"height":960,"caption":"Digital Decor"},"image":{"@id":"https:\/\/digitaldecor.pt\/en\/#\/schema\/logo\/image\/"},"sameAs":["https:\/\/www.facebook.com\/digitaldecor.pt\/","https:\/\/www.instagram.com\/digitaldecor.pt\/","https:\/\/www.linkedin.com\/company\/digitaldecorpt","https:\/\/www.youtube.com\/channel\/UC83AgxTYOZg2oTDb0VhAbxQ"]}]}},"_links":{"self":[{"href":"https:\/\/digitaldecor.pt\/en\/wp-json\/wp\/v2\/pages\/36"}],"collection":[{"href":"https:\/\/digitaldecor.pt\/en\/wp-json\/wp\/v2\/pages"}],"about":[{"href":"https:\/\/digitaldecor.pt\/en\/wp-json\/wp\/v2\/types\/page"}],"author":[{"embeddable":true,"href":"https:\/\/digitaldecor.pt\/en\/wp-json\/wp\/v2\/users\/1"}],"replies":[{"embeddable":true,"href":"https:\/\/digitaldecor.pt\/en\/wp-json\/wp\/v2\/comments?post=36"}],"version-history":[{"count":87,"href":"https:\/\/digitaldecor.pt\/en\/wp-json\/wp\/v2\/pages\/36\/revisions"}],"predecessor-version":[{"id":8151,"href":"https:\/\/digitaldecor.pt\/en\/wp-json\/wp\/v2\/pages\/36\/revisions\/8151"}],"wp:attachment":[{"href":"https:\/\/digitaldecor.pt\/en\/wp-json\/wp\/v2\/media?parent=36"}],"curies":[{"name":"wp","href":"https:\/\/api.w.org\/{rel}","templated":true}]}}